{"id":1769,"date":"2025-02-15T15:47:00","date_gmt":"2025-02-15T14:47:00","guid":{"rendered":"https:\/\/www.schoenruh-seefeld.com\/en\/skifahren-in-seefeld-in-tirol\/"},"modified":"2026-02-16T10:28:05","modified_gmt":"2026-02-16T09:28:05","slug":"skiing-in-seefeld-tyrol","status":"publish","type":"page","link":"https:\/\/www.schoenruh-seefeld.com\/en\/sports\/winter\/skiing-in-seefeld-tyrol\/","title":{"rendered":"Skiing in Seefeld, Tyrol"},"content":{"rendered":"","protected":false},"excerpt":{"rendered":"","protected":false},"author":3,"featured_media":38545,"parent":1849,"menu_order":0,"comment_status":"closed","ping_status":"closed","template":"","meta":{"_acf_changed":false,"footnotes":""},"categories":[],"tags":[],"class_list":["post-1769","page","type-page","status-publish","has-post-thumbnail","hentry"],"acf":[],"yoast_head":"<!-- This site is optimized with the Yoast SEO plugin v26.1.1 - https:\/\/yoast.com\/wordpress\/plugins\/seo\/ -->\n<title>Skiing in Seefeld | Hotel Sch\u00f6nruh Tirol<\/title>\n<meta name=\"description\" content=\"Enjoy skiing in Seefeld near Hotel Sch\u00f6nruh. Rossh\u00fctte and Gschwandtkopf close by, plus wellness and comfort for your winter stay in Tirol.\" \/>\n<meta name=\"robots\" content=\"index, follow, max-snippet:-1, max-image-preview:large, max-video-preview:-1\" \/>\n<link rel=\"canonical\" href=\"https:\/\/www.schoenruh-seefeld.com\/en\/sports\/winter\/skiing-in-seefeld-tyrol\/\" \/>\n<meta property=\"og:locale\" content=\"en_US\" \/>\n<meta property=\"og:type\" content=\"article\" \/>\n<meta property=\"og:title\" content=\"Skiing in Seefeld | Hotel Sch\u00f6nruh Tirol\" \/>\n<meta property=\"og:description\" content=\"Enjoy skiing in Seefeld near Hotel Sch\u00f6nruh. Rossh\u00fctte and Gschwandtkopf close by, plus wellness and comfort for your winter stay in Tirol.\" \/>\n<meta property=\"og:url\" content=\"https:\/\/www.schoenruh-seefeld.com\/en\/sports\/winter\/skiing-in-seefeld-tyrol\/\" \/>\n<meta property=\"og:site_name\" content=\"Wellnesshotel Sch\u00f6nruh\" \/>\n<meta property=\"article:publisher\" content=\"https:\/\/www.facebook.com\/schoenruh.seefeld\/\" \/>\n<meta property=\"article:modified_time\" content=\"2026-02-16T09:28:05+00:00\" \/>\n<meta property=\"og:image\" content=\"https:\/\/www.schoenruh-seefeld.com\/wp-content\/uploads\/2022\/10\/skifahren-seefeld-3-scaled.jpg\" \/>\n\t<meta property=\"og:image:width\" content=\"2560\" \/>\n\t<meta property=\"og:image:height\" content=\"1440\" \/>\n\t<meta property=\"og:image:type\" content=\"image\/jpeg\" \/>\n<meta name=\"twitter:card\" content=\"summary_large_image\" \/>\n<meta name=\"twitter:label1\" content=\"Est. reading time\" \/>\n\t<meta name=\"twitter:data1\" content=\"1 minute\" \/>\n<script type=\"application\/ld+json\" class=\"yoast-schema-graph\">{\"@context\":\"https:\/\/schema.org\",\"@graph\":[{\"@type\":\"WebPage\",\"@id\":\"https:\/\/www.schoenruh-seefeld.com\/en\/sports\/winter\/skiing-in-seefeld-tyrol\/\",\"url\":\"https:\/\/www.schoenruh-seefeld.com\/en\/sports\/winter\/skiing-in-seefeld-tyrol\/\",\"name\":\"Skiing in Seefeld | Hotel Sch\u00f6nruh Tirol\",\"isPartOf\":{\"@id\":\"https:\/\/www.schoenruh-seefeld.com\/#website\"},\"primaryImageOfPage\":{\"@id\":\"https:\/\/www.schoenruh-seefeld.com\/en\/sports\/winter\/skiing-in-seefeld-tyrol\/#primaryimage\"},\"image\":{\"@id\":\"https:\/\/www.schoenruh-seefeld.com\/en\/sports\/winter\/skiing-in-seefeld-tyrol\/#primaryimage\"},\"thumbnailUrl\":\"https:\/\/www.schoenruh-seefeld.com\/wp-content\/uploads\/2022\/10\/skifahren-seefeld-3-scaled.jpg\",\"datePublished\":\"2025-02-15T14:47:00+00:00\",\"dateModified\":\"2026-02-16T09:28:05+00:00\",\"description\":\"Enjoy skiing in Seefeld near Hotel Sch\u00f6nruh. Rossh\u00fctte and Gschwandtkopf close by, plus wellness and comfort for your winter stay in Tirol.\",\"breadcrumb\":{\"@id\":\"https:\/\/www.schoenruh-seefeld.com\/en\/sports\/winter\/skiing-in-seefeld-tyrol\/#breadcrumb\"},\"inLanguage\":\"en-US\",\"potentialAction\":[{\"@type\":\"ReadAction\",\"target\":[\"https:\/\/www.schoenruh-seefeld.com\/en\/sports\/winter\/skiing-in-seefeld-tyrol\/\"]}]},{\"@type\":\"ImageObject\",\"inLanguage\":\"en-US\",\"@id\":\"https:\/\/www.schoenruh-seefeld.com\/en\/sports\/winter\/skiing-in-seefeld-tyrol\/#primaryimage\",\"url\":\"https:\/\/www.schoenruh-seefeld.com\/wp-content\/uploads\/2022\/10\/skifahren-seefeld-3-scaled.jpg\",\"contentUrl\":\"https:\/\/www.schoenruh-seefeld.com\/wp-content\/uploads\/2022\/10\/skifahren-seefeld-3-scaled.jpg\",\"width\":2560,\"height\":1440},{\"@type\":\"BreadcrumbList\",\"@id\":\"https:\/\/www.schoenruh-seefeld.com\/en\/sports\/winter\/skiing-in-seefeld-tyrol\/#breadcrumb\",\"itemListElement\":[{\"@type\":\"ListItem\",\"position\":1,\"name\":\"Home\",\"item\":\"https:\/\/www.schoenruh-seefeld.com\/en\/\"},{\"@type\":\"ListItem\",\"position\":2,\"name\":\"Your active holiday in Seefeld\",\"item\":\"https:\/\/www.schoenruh-seefeld.com\/en\/sports\/\"},{\"@type\":\"ListItem\",\"position\":3,\"name\":\"Winter\",\"item\":\"https:\/\/www.schoenruh-seefeld.com\/en\/sports\/winter\/\"},{\"@type\":\"ListItem\",\"position\":4,\"name\":\"Skiing in Seefeld, Tyrol\"}]},{\"@type\":\"WebSite\",\"@id\":\"https:\/\/www.schoenruh-seefeld.com\/#website\",\"url\":\"https:\/\/www.schoenruh-seefeld.com\/\",\"name\":\"Wellnesshotel Sch\u00f6nruh\",\"description\":\"Kaltschmid Hotels - Sch\u00f6nruh Seefeld\",\"publisher\":{\"@id\":\"https:\/\/www.schoenruh-seefeld.com\/#organization\"},\"potentialAction\":[{\"@type\":\"SearchAction\",\"target\":{\"@type\":\"EntryPoint\",\"urlTemplate\":\"https:\/\/www.schoenruh-seefeld.com\/?s={search_term_string}\"},\"query-input\":{\"@type\":\"PropertyValueSpecification\",\"valueRequired\":true,\"valueName\":\"search_term_string\"}}],\"inLanguage\":\"en-US\"},{\"@type\":\"Organization\",\"@id\":\"https:\/\/www.schoenruh-seefeld.com\/#organization\",\"name\":\"Wellnesshotel Sch\u00f6nruh Seefeld\",\"url\":\"https:\/\/www.schoenruh-seefeld.com\/\",\"logo\":{\"@type\":\"ImageObject\",\"inLanguage\":\"en-US\",\"@id\":\"https:\/\/www.schoenruh-seefeld.com\/#\/schema\/logo\/image\/\",\"url\":\"https:\/\/www.schoenruh-seefeld.com\/wp-content\/uploads\/2017\/03\/Logo-Sch\u00f6nruh.png\",\"contentUrl\":\"https:\/\/www.schoenruh-seefeld.com\/wp-content\/uploads\/2017\/03\/Logo-Sch\u00f6nruh.png\",\"width\":543,\"height\":124,\"caption\":\"Wellnesshotel Sch\u00f6nruh Seefeld\"},\"image\":{\"@id\":\"https:\/\/www.schoenruh-seefeld.com\/#\/schema\/logo\/image\/\"},\"sameAs\":[\"https:\/\/www.facebook.com\/schoenruh.seefeld\/\",\"https:\/\/www.instagram.com\/hotel.schoenruh.seefeld\/\",\"https:\/\/www.youtube.com\/watch?v=GtpAuriho2I\"]}]}<\/script>\n<!-- \/ Yoast SEO plugin. -->","yoast_head_json":{"title":"Skiing in Seefeld | Hotel Sch\u00f6nruh Tirol","description":"Enjoy skiing in Seefeld near Hotel Sch\u00f6nruh. Rossh\u00fctte and Gschwandtkopf close by, plus wellness and comfort for your winter stay in Tirol.","robots":{"index":"index","follow":"follow","max-snippet":"max-snippet:-1","max-image-preview":"max-image-preview:large","max-video-preview":"max-video-preview:-1"},"canonical":"https:\/\/www.schoenruh-seefeld.com\/en\/sports\/winter\/skiing-in-seefeld-tyrol\/","og_locale":"en_US","og_type":"article","og_title":"Skiing in Seefeld | Hotel Sch\u00f6nruh Tirol","og_description":"Enjoy skiing in Seefeld near Hotel Sch\u00f6nruh. Rossh\u00fctte and Gschwandtkopf close by, plus wellness and comfort for your winter stay in Tirol.","og_url":"https:\/\/www.schoenruh-seefeld.com\/en\/sports\/winter\/skiing-in-seefeld-tyrol\/","og_site_name":"Wellnesshotel Sch\u00f6nruh","article_publisher":"https:\/\/www.facebook.com\/schoenruh.seefeld\/","article_modified_time":"2026-02-16T09:28:05+00:00","og_image":[{"width":2560,"height":1440,"url":"https:\/\/www.schoenruh-seefeld.com\/wp-content\/uploads\/2022\/10\/skifahren-seefeld-3-scaled.jpg","type":"image\/jpeg"}],"twitter_card":"summary_large_image","twitter_misc":{"Est. reading time":"1 minute"},"schema":{"@context":"https:\/\/schema.org","@graph":[{"@type":"WebPage","@id":"https:\/\/www.schoenruh-seefeld.com\/en\/sports\/winter\/skiing-in-seefeld-tyrol\/","url":"https:\/\/www.schoenruh-seefeld.com\/en\/sports\/winter\/skiing-in-seefeld-tyrol\/","name":"Skiing in Seefeld | Hotel Sch\u00f6nruh Tirol","isPartOf":{"@id":"https:\/\/www.schoenruh-seefeld.com\/#website"},"primaryImageOfPage":{"@id":"https:\/\/www.schoenruh-seefeld.com\/en\/sports\/winter\/skiing-in-seefeld-tyrol\/#primaryimage"},"image":{"@id":"https:\/\/www.schoenruh-seefeld.com\/en\/sports\/winter\/skiing-in-seefeld-tyrol\/#primaryimage"},"thumbnailUrl":"https:\/\/www.schoenruh-seefeld.com\/wp-content\/uploads\/2022\/10\/skifahren-seefeld-3-scaled.jpg","datePublished":"2025-02-15T14:47:00+00:00","dateModified":"2026-02-16T09:28:05+00:00","description":"Enjoy skiing in Seefeld near Hotel Sch\u00f6nruh. Rossh\u00fctte and Gschwandtkopf close by, plus wellness and comfort for your winter stay in Tirol.","breadcrumb":{"@id":"https:\/\/www.schoenruh-seefeld.com\/en\/sports\/winter\/skiing-in-seefeld-tyrol\/#breadcrumb"},"inLanguage":"en-US","potentialAction":[{"@type":"ReadAction","target":["https:\/\/www.schoenruh-seefeld.com\/en\/sports\/winter\/skiing-in-seefeld-tyrol\/"]}]},{"@type":"ImageObject","inLanguage":"en-US","@id":"https:\/\/www.schoenruh-seefeld.com\/en\/sports\/winter\/skiing-in-seefeld-tyrol\/#primaryimage","url":"https:\/\/www.schoenruh-seefeld.com\/wp-content\/uploads\/2022\/10\/skifahren-seefeld-3-scaled.jpg","contentUrl":"https:\/\/www.schoenruh-seefeld.com\/wp-content\/uploads\/2022\/10\/skifahren-seefeld-3-scaled.jpg","width":2560,"height":1440},{"@type":"BreadcrumbList","@id":"https:\/\/www.schoenruh-seefeld.com\/en\/sports\/winter\/skiing-in-seefeld-tyrol\/#breadcrumb","itemListElement":[{"@type":"ListItem","position":1,"name":"Home","item":"https:\/\/www.schoenruh-seefeld.com\/en\/"},{"@type":"ListItem","position":2,"name":"Your active holiday in Seefeld","item":"https:\/\/www.schoenruh-seefeld.com\/en\/sports\/"},{"@type":"ListItem","position":3,"name":"Winter","item":"https:\/\/www.schoenruh-seefeld.com\/en\/sports\/winter\/"},{"@type":"ListItem","position":4,"name":"Skiing in Seefeld, Tyrol"}]},{"@type":"WebSite","@id":"https:\/\/www.schoenruh-seefeld.com\/#website","url":"https:\/\/www.schoenruh-seefeld.com\/","name":"Wellnesshotel Sch\u00f6nruh","description":"Kaltschmid Hotels - Sch\u00f6nruh Seefeld","publisher":{"@id":"https:\/\/www.schoenruh-seefeld.com\/#organization"},"potentialAction":[{"@type":"SearchAction","target":{"@type":"EntryPoint","urlTemplate":"https:\/\/www.schoenruh-seefeld.com\/?s={search_term_string}"},"query-input":{"@type":"PropertyValueSpecification","valueRequired":true,"valueName":"search_term_string"}}],"inLanguage":"en-US"},{"@type":"Organization","@id":"https:\/\/www.schoenruh-seefeld.com\/#organization","name":"Wellnesshotel Sch\u00f6nruh Seefeld","url":"https:\/\/www.schoenruh-seefeld.com\/","logo":{"@type":"ImageObject","inLanguage":"en-US","@id":"https:\/\/www.schoenruh-seefeld.com\/#\/schema\/logo\/image\/","url":"https:\/\/www.schoenruh-seefeld.com\/wp-content\/uploads\/2017\/03\/Logo-Sch\u00f6nruh.png","contentUrl":"https:\/\/www.schoenruh-seefeld.com\/wp-content\/uploads\/2017\/03\/Logo-Sch\u00f6nruh.png","width":543,"height":124,"caption":"Wellnesshotel Sch\u00f6nruh Seefeld"},"image":{"@id":"https:\/\/www.schoenruh-seefeld.com\/#\/schema\/logo\/image\/"},"sameAs":["https:\/\/www.facebook.com\/schoenruh.seefeld\/","https:\/\/www.instagram.com\/hotel.schoenruh.seefeld\/","https:\/\/www.youtube.com\/watch?v=GtpAuriho2I"]}]}},"_links":{"self":[{"href":"https:\/\/www.schoenruh-seefeld.com\/en\/wp-json\/wp\/v2\/pages\/1769","targetHints":{"allow":["GET"]}}],"collection":[{"href":"https:\/\/www.schoenruh-seefeld.com\/en\/wp-json\/wp\/v2\/pages"}],"about":[{"href":"https:\/\/www.schoenruh-seefeld.com\/en\/wp-json\/wp\/v2\/types\/page"}],"author":[{"embeddable":true,"href":"https:\/\/www.schoenruh-seefeld.com\/en\/wp-json\/wp\/v2\/users\/3"}],"replies":[{"embeddable":true,"href":"https:\/\/www.schoenruh-seefeld.com\/en\/wp-json\/wp\/v2\/comments?post=1769"}],"version-history":[{"count":15,"href":"https:\/\/www.schoenruh-seefeld.com\/en\/wp-json\/wp\/v2\/pages\/1769\/revisions"}],"predecessor-version":[{"id":50976,"href":"https:\/\/www.schoenruh-seefeld.com\/en\/wp-json\/wp\/v2\/pages\/1769\/revisions\/50976"}],"up":[{"embeddable":true,"href":"https:\/\/www.schoenruh-seefeld.com\/en\/wp-json\/wp\/v2\/pages\/1849"}],"wp:featuredmedia":[{"embeddable":true,"href":"https:\/\/www.schoenruh-seefeld.com\/en\/wp-json\/wp\/v2\/media\/38545"}],"wp:attachment":[{"href":"https:\/\/www.schoenruh-seefeld.com\/en\/wp-json\/wp\/v2\/media?parent=1769"}],"wp:term":[{"taxonomy":"category","embeddable":true,"href":"https:\/\/www.schoenruh-seefeld.com\/en\/wp-json\/wp\/v2\/categories?post=1769"},{"taxonomy":"post_tag","embeddable":true,"href":"https:\/\/www.schoenruh-seefeld.com\/en\/wp-json\/wp\/v2\/tags?post=1769"}],"curies":[{"name":"wp","href":"https:\/\/api.w.org\/{rel}","templated":true}]}}