{"id":2635,"date":"2015-12-17T07:44:22","date_gmt":"2015-12-17T06:44:22","guid":{"rendered":"https:\/\/www.schoenruh-seefeld.com\/it\/feedback\/"},"modified":"2021-09-30T15:11:48","modified_gmt":"2021-09-30T13:11:48","slug":"feedback","status":"publish","type":"page","link":"https:\/\/www.schoenruh-seefeld.com\/it\/feedback\/","title":{"rendered":"Feedback"},"content":{"rendered":"\n\n                    \n    <div id=\"ep-block-title-block_614b144ea1b3b\" class=\"ep-block-title ep-block  has-subtitle\">\n                                    <h2 class=\"sub-title title-\">Fateci sapere&#8230;<\/h2>\n    \n        <h1 class=\"title\">&#8230;se avete gradito il soggiorno da noi<\/h1>\n           <\/div>\n\n\n\n<div style=\"height:72px\" aria-hidden=\"true\" class=\"wp-block-spacer\"><\/div>\n\n\n    <div id=\"ep-block-pre-text-block_614b1460a1b3c\" class=\"ep-block-pre-text ep-block \">\n        <div class=\"pre-text\">\n            <p>Avete gradito il nostro servizio e i nostri piatti? Oppure c\u2019\u00e8 qualcosa che avremmo potuto migliorare? Il vostro feedback \u00e8 molto importante per noi: cos\u00ec la vostra prossima vacanza da noi sar\u00e0 ancora pi\u00f9 bella!<\/p>\n\n        <\/div>\n    <\/div>\n\n\n\n<div style=\"height:72px\" aria-hidden=\"true\" class=\"wp-block-spacer\"><\/div>\n\n\n\n\n        \n    <div id=\"ep-block-title-block_614b146ea1b3d\" class=\"ep-block-title ep-block  \">\n                    \n        <h2 class=\"title\">Feedback via modulo<\/h2>\n           <\/div>\n\n\n\n<div style=\"height:30px\" aria-hidden=\"true\" class=\"wp-block-spacer\"><\/div>\n\n\n\n<div class=\"wp-block-contact-form-7-contact-form-selector\">\n<div class=\"wpcf7 no-js\" id=\"wpcf7-f295-o1\" lang=\"de-DE\" dir=\"ltr\" data-wpcf7-id=\"295\">\n<div class=\"screen-reader-response\"><p role=\"status\" aria-live=\"polite\" aria-atomic=\"true\"><\/p> <ul><\/ul><\/div>\n<form action=\"\/it\/wp-json\/wp\/v2\/pages\/2635\" method=\"post\" class=\"wpcf7-form init wpcf7-acceptance-as-validation\" aria-label=\"Kontaktformular\" novalidate=\"novalidate\" data-status=\"init\">\n<fieldset class=\"hidden-fields-container\"><input type=\"hidden\" name=\"_wpcf7\" value=\"295\" \/><input type=\"hidden\" name=\"_wpcf7_version\" value=\"6.1.2\" \/><input type=\"hidden\" name=\"_wpcf7_locale\" value=\"de_DE\" \/><input type=\"hidden\" name=\"_wpcf7_unit_tag\" value=\"wpcf7-f295-o1\" \/><input type=\"hidden\" name=\"_wpcf7_container_post\" value=\"0\" \/><input type=\"hidden\" name=\"_wpcf7_posted_data_hash\" value=\"\" \/><input type=\"hidden\" name=\"_wpcf7_recaptcha_response\" value=\"\" \/>\n<\/fieldset>\n<div class=\"row clearfix\">\n\t<div class=\"columns small-12 medium-6 large-6 clearfix\">\n\t\t<p><span class=\"wpcf7-form-control-wrap\" data-name=\"your-name\"><input size=\"40\" maxlength=\"400\" class=\"wpcf7-form-control wpcf7-text wpcf7-validates-as-required\" aria-required=\"true\" aria-invalid=\"false\" placeholder=\"Il tuo nome*\" value=\"\" type=\"text\" name=\"your-name\" \/><\/span>\n\t\t<\/p>\n\t<\/div>\n\t<div class=\"columns small-12 medium-6 large-6 clearfix\">\n\t\t<p><span class=\"wpcf7-form-control-wrap\" data-name=\"your-email\"><input size=\"40\" maxlength=\"400\" class=\"wpcf7-form-control wpcf7-email wpcf7-validates-as-required wpcf7-text wpcf7-validates-as-email\" aria-required=\"true\" aria-invalid=\"false\" placeholder=\"Il tuo indirizzo e-mail*\" value=\"\" type=\"email\" name=\"your-email\" \/><\/span>\n\t\t<\/p>\n\t<\/div>\n<\/div>\n<div class=\"row clearfix\">\n\t<div class=\"columns small-12 medium-12 large-12 clearfix\">\n\t\t<p><span class=\"wpcf7-form-control-wrap\" data-name=\"your-message\"><textarea cols=\"40\" rows=\"10\" maxlength=\"2000\" class=\"wpcf7-form-control wpcf7-textarea\" aria-invalid=\"false\" placeholder=\"Il tuo messaggio...\" name=\"your-message\"><\/textarea><\/span>\n\t\t<\/p>\n\t<\/div>\n<\/div>\n<div class=\"row clearfix acceptance\">\n\t<div class=\"columns small-12 clearfix\">\n\t\t<p><span class=\"wpcf7-form-control-wrap\" data-name=\"newsletter\"><span class=\"wpcf7-form-control wpcf7-checkbox\"><span class=\"wpcf7-list-item first last\"><input type=\"checkbox\" name=\"newsletter[]\" value=\"Iscriviti alla newsletter\" \/><span class=\"wpcf7-list-item-label\">Iscriviti alla newsletter<\/span><\/span><\/span><\/span>\n\t\t<\/p>\n\t<\/div>\n<\/div>\n<div class=\"row clearfix acceptance\">\n\t<div class=\"columns small-12 clearfix\">\n\t\t<p><span class=\"wpcf7-form-control-wrap\" data-name=\"policy\"><span class=\"wpcf7-form-control wpcf7-acceptance\"><span class=\"wpcf7-list-item\"><label><input type=\"checkbox\" name=\"policy\" value=\"1\" class=\"accept-policy\" aria-invalid=\"false\" \/><span class=\"wpcf7-list-item-label\">S\u00ec, accetto l'utilizzo dei miei dati nel senso della <a href=\"https:\/\/www.kaltschmid.info\/en\/privacy-policy\/\">politica sulla privacy<\/a>.<\/span><\/label><\/span><\/span><\/span>\n\t\t<\/p>\n\t<\/div>\n<\/div>\n<div class=\"row clearfix\">\n\t<div class=\"columns small-12 medium-6 large-6 clearfix newsletter-wrapper\">\n\t\n\t<\/div>\n\t<div class=\"columns small-12 medium-6 large-6 clearfix\">\n\t\t<p><input class=\"wpcf7-form-control wpcf7-submit has-spinner\" type=\"submit\" value=\"Presentare\" \/>\n\t\t<\/p>\n\t<\/div>\n<\/div><div class=\"wpcf7-response-output\" aria-hidden=\"true\"><\/div>\n<\/form>\n<\/div>\n<\/div>\n\n\n\n<div style=\"height:72px\" aria-hidden=\"true\" class=\"wp-block-spacer\"><\/div>\n","protected":false},"excerpt":{"rendered":"","protected":false},"author":1,"featured_media":0,"parent":0,"menu_order":0,"comment_status":"closed","ping_status":"closed","template":"","meta":{"_acf_changed":false,"footnotes":""},"class_list":["post-2635","page","type-page","status-publish","hentry"],"acf":[],"yoast_head":"<!-- This site is optimized with the Yoast SEO plugin v26.1.1 - https:\/\/yoast.com\/wordpress\/plugins\/seo\/ -->\n<title>Feedback &#187; Wellnesshotel Sch\u00f6nruh<\/title>\n<meta name=\"description\" content=\"4\u2605 Wellnesshotel Sch\u00f6nruh \u26f2 Feedback Fateci sapere... &#187; ...se avete gradito il soggiorno da noi\" \/>\n<meta name=\"robots\" content=\"noindex, follow\" \/>\n<meta property=\"og:locale\" content=\"it_IT\" \/>\n<meta property=\"og:type\" content=\"article\" \/>\n<meta property=\"og:title\" content=\"Feedback &#187; Wellnesshotel Sch\u00f6nruh\" \/>\n<meta property=\"og:description\" content=\"4\u2605 Wellnesshotel Sch\u00f6nruh \u26f2 Feedback Fateci sapere... &#187; ...se avete gradito il soggiorno da noi\" \/>\n<meta property=\"og:url\" content=\"https:\/\/www.schoenruh-seefeld.com\/it\/feedback\/\" \/>\n<meta property=\"og:site_name\" content=\"Wellnesshotel Sch\u00f6nruh\" \/>\n<meta property=\"article:publisher\" content=\"https:\/\/www.facebook.com\/schoenruh.seefeld\/\" \/>\n<meta property=\"article:modified_time\" content=\"2021-09-30T13:11:48+00:00\" \/>\n<meta property=\"og:image\" content=\"https:\/\/www.schoenruh-seefeld.com\/wp-content\/uploads\/2018\/09\/Willkommen.jpg\" \/>\n\t<meta property=\"og:image:width\" content=\"1538\" \/>\n\t<meta property=\"og:image:height\" content=\"907\" \/>\n\t<meta property=\"og:image:type\" content=\"image\/jpeg\" \/>\n<meta name=\"twitter:card\" content=\"summary_large_image\" \/>\n<meta name=\"twitter:label1\" content=\"Tempo di lettura stimato\" \/>\n\t<meta name=\"twitter:data1\" content=\"1 minuto\" \/>\n<script type=\"application\/ld+json\" class=\"yoast-schema-graph\">{\"@context\":\"https:\/\/schema.org\",\"@graph\":[{\"@type\":\"WebPage\",\"@id\":\"https:\/\/www.schoenruh-seefeld.com\/it\/feedback\/\",\"url\":\"https:\/\/www.schoenruh-seefeld.com\/it\/feedback\/\",\"name\":\"Feedback &#187; Wellnesshotel Sch\u00f6nruh\",\"isPartOf\":{\"@id\":\"https:\/\/www.schoenruh-seefeld.com\/#website\"},\"datePublished\":\"2015-12-17T06:44:22+00:00\",\"dateModified\":\"2021-09-30T13:11:48+00:00\",\"description\":\"4\u2605 Wellnesshotel Sch\u00f6nruh \u26f2 Feedback Fateci sapere... &#187; ...se avete gradito il soggiorno da noi\",\"breadcrumb\":{\"@id\":\"https:\/\/www.schoenruh-seefeld.com\/it\/feedback\/#breadcrumb\"},\"inLanguage\":\"it-IT\",\"potentialAction\":[{\"@type\":\"ReadAction\",\"target\":[\"https:\/\/www.schoenruh-seefeld.com\/it\/feedback\/\"]}]},{\"@type\":\"BreadcrumbList\",\"@id\":\"https:\/\/www.schoenruh-seefeld.com\/it\/feedback\/#breadcrumb\",\"itemListElement\":[{\"@type\":\"ListItem\",\"position\":1,\"name\":\"Home\",\"item\":\"https:\/\/www.schoenruh-seefeld.com\/it\/\"},{\"@type\":\"ListItem\",\"position\":2,\"name\":\"Feedback\"}]},{\"@type\":\"WebSite\",\"@id\":\"https:\/\/www.schoenruh-seefeld.com\/#website\",\"url\":\"https:\/\/www.schoenruh-seefeld.com\/\",\"name\":\"Wellnesshotel Sch\u00f6nruh\",\"description\":\"Kaltschmid Hotels - Sch\u00f6nruh Seefeld\",\"publisher\":{\"@id\":\"https:\/\/www.schoenruh-seefeld.com\/#organization\"},\"potentialAction\":[{\"@type\":\"SearchAction\",\"target\":{\"@type\":\"EntryPoint\",\"urlTemplate\":\"https:\/\/www.schoenruh-seefeld.com\/?s={search_term_string}\"},\"query-input\":{\"@type\":\"PropertyValueSpecification\",\"valueRequired\":true,\"valueName\":\"search_term_string\"}}],\"inLanguage\":\"it-IT\"},{\"@type\":\"Organization\",\"@id\":\"https:\/\/www.schoenruh-seefeld.com\/#organization\",\"name\":\"Wellnesshotel Sch\u00f6nruh Seefeld\",\"url\":\"https:\/\/www.schoenruh-seefeld.com\/\",\"logo\":{\"@type\":\"ImageObject\",\"inLanguage\":\"it-IT\",\"@id\":\"https:\/\/www.schoenruh-seefeld.com\/#\/schema\/logo\/image\/\",\"url\":\"https:\/\/www.schoenruh-seefeld.com\/wp-content\/uploads\/2017\/03\/Logo-Sch\u00f6nruh.png\",\"contentUrl\":\"https:\/\/www.schoenruh-seefeld.com\/wp-content\/uploads\/2017\/03\/Logo-Sch\u00f6nruh.png\",\"width\":543,\"height\":124,\"caption\":\"Wellnesshotel Sch\u00f6nruh Seefeld\"},\"image\":{\"@id\":\"https:\/\/www.schoenruh-seefeld.com\/#\/schema\/logo\/image\/\"},\"sameAs\":[\"https:\/\/www.facebook.com\/schoenruh.seefeld\/\",\"https:\/\/www.instagram.com\/hotel.schoenruh.seefeld\/\",\"https:\/\/www.youtube.com\/watch?v=GtpAuriho2I\"]}]}<\/script>\n<!-- \/ Yoast SEO plugin. -->","yoast_head_json":{"title":"Feedback &#187; Wellnesshotel Sch\u00f6nruh","description":"4\u2605 Wellnesshotel Sch\u00f6nruh \u26f2 Feedback Fateci sapere... &#187; ...se avete gradito il soggiorno da noi","robots":{"index":"noindex","follow":"follow"},"og_locale":"it_IT","og_type":"article","og_title":"Feedback &#187; Wellnesshotel Sch\u00f6nruh","og_description":"4\u2605 Wellnesshotel Sch\u00f6nruh \u26f2 Feedback Fateci sapere... &#187; ...se avete gradito il soggiorno da noi","og_url":"https:\/\/www.schoenruh-seefeld.com\/it\/feedback\/","og_site_name":"Wellnesshotel Sch\u00f6nruh","article_publisher":"https:\/\/www.facebook.com\/schoenruh.seefeld\/","article_modified_time":"2021-09-30T13:11:48+00:00","og_image":[{"width":1538,"height":907,"url":"https:\/\/www.schoenruh-seefeld.com\/wp-content\/uploads\/2018\/09\/Willkommen.jpg","type":"image\/jpeg"}],"twitter_card":"summary_large_image","twitter_misc":{"Tempo di lettura stimato":"1 minuto"},"schema":{"@context":"https:\/\/schema.org","@graph":[{"@type":"WebPage","@id":"https:\/\/www.schoenruh-seefeld.com\/it\/feedback\/","url":"https:\/\/www.schoenruh-seefeld.com\/it\/feedback\/","name":"Feedback &#187; Wellnesshotel Sch\u00f6nruh","isPartOf":{"@id":"https:\/\/www.schoenruh-seefeld.com\/#website"},"datePublished":"2015-12-17T06:44:22+00:00","dateModified":"2021-09-30T13:11:48+00:00","description":"4\u2605 Wellnesshotel Sch\u00f6nruh \u26f2 Feedback Fateci sapere... &#187; ...se avete gradito il soggiorno da noi","breadcrumb":{"@id":"https:\/\/www.schoenruh-seefeld.com\/it\/feedback\/#breadcrumb"},"inLanguage":"it-IT","potentialAction":[{"@type":"ReadAction","target":["https:\/\/www.schoenruh-seefeld.com\/it\/feedback\/"]}]},{"@type":"BreadcrumbList","@id":"https:\/\/www.schoenruh-seefeld.com\/it\/feedback\/#breadcrumb","itemListElement":[{"@type":"ListItem","position":1,"name":"Home","item":"https:\/\/www.schoenruh-seefeld.com\/it\/"},{"@type":"ListItem","position":2,"name":"Feedback"}]},{"@type":"WebSite","@id":"https:\/\/www.schoenruh-seefeld.com\/#website","url":"https:\/\/www.schoenruh-seefeld.com\/","name":"Wellnesshotel Sch\u00f6nruh","description":"Kaltschmid Hotels - Sch\u00f6nruh Seefeld","publisher":{"@id":"https:\/\/www.schoenruh-seefeld.com\/#organization"},"potentialAction":[{"@type":"SearchAction","target":{"@type":"EntryPoint","urlTemplate":"https:\/\/www.schoenruh-seefeld.com\/?s={search_term_string}"},"query-input":{"@type":"PropertyValueSpecification","valueRequired":true,"valueName":"search_term_string"}}],"inLanguage":"it-IT"},{"@type":"Organization","@id":"https:\/\/www.schoenruh-seefeld.com\/#organization","name":"Wellnesshotel Sch\u00f6nruh Seefeld","url":"https:\/\/www.schoenruh-seefeld.com\/","logo":{"@type":"ImageObject","inLanguage":"it-IT","@id":"https:\/\/www.schoenruh-seefeld.com\/#\/schema\/logo\/image\/","url":"https:\/\/www.schoenruh-seefeld.com\/wp-content\/uploads\/2017\/03\/Logo-Sch\u00f6nruh.png","contentUrl":"https:\/\/www.schoenruh-seefeld.com\/wp-content\/uploads\/2017\/03\/Logo-Sch\u00f6nruh.png","width":543,"height":124,"caption":"Wellnesshotel Sch\u00f6nruh Seefeld"},"image":{"@id":"https:\/\/www.schoenruh-seefeld.com\/#\/schema\/logo\/image\/"},"sameAs":["https:\/\/www.facebook.com\/schoenruh.seefeld\/","https:\/\/www.instagram.com\/hotel.schoenruh.seefeld\/","https:\/\/www.youtube.com\/watch?v=GtpAuriho2I"]}]}},"_links":{"self":[{"href":"https:\/\/www.schoenruh-seefeld.com\/it\/wp-json\/wp\/v2\/pages\/2635","targetHints":{"allow":["GET"]}}],"collection":[{"href":"https:\/\/www.schoenruh-seefeld.com\/it\/wp-json\/wp\/v2\/pages"}],"about":[{"href":"https:\/\/www.schoenruh-seefeld.com\/it\/wp-json\/wp\/v2\/types\/page"}],"author":[{"embeddable":true,"href":"https:\/\/www.schoenruh-seefeld.com\/it\/wp-json\/wp\/v2\/users\/1"}],"replies":[{"embeddable":true,"href":"https:\/\/www.schoenruh-seefeld.com\/it\/wp-json\/wp\/v2\/comments?post=2635"}],"version-history":[{"count":8,"href":"https:\/\/www.schoenruh-seefeld.com\/it\/wp-json\/wp\/v2\/pages\/2635\/revisions"}],"predecessor-version":[{"id":31084,"href":"https:\/\/www.schoenruh-seefeld.com\/it\/wp-json\/wp\/v2\/pages\/2635\/revisions\/31084"}],"wp:attachment":[{"href":"https:\/\/www.schoenruh-seefeld.com\/it\/wp-json\/wp\/v2\/media?parent=2635"}],"curies":[{"name":"wp","href":"https:\/\/api.w.org\/{rel}","templated":true}]}}