{"id":2659,"date":"2015-12-15T21:10:29","date_gmt":"2015-12-15T20:10:29","guid":{"rendered":"https:\/\/www.schoenruh-seefeld.com\/it\/aktionen\/"},"modified":"2026-01-19T09:24:56","modified_gmt":"2026-01-19T08:24:56","slug":"promozioni","status":"publish","type":"page","link":"https:\/\/www.schoenruh-seefeld.com\/it\/camere-prezzi\/promozioni\/","title":{"rendered":"Promozioni"},"content":{"rendered":"    <div id=\"ep-block-pre-text-block_459ae08818d04710964aa41d95e113c3\" class=\"ep-block-pre-text ep-block \">\n        <div class=\"pre-text\">\n            <p>Divertiti e risparmia. Godetevi l&#8217;ospitalit\u00e0 austriaca a prezzi vantaggiosi. Gli ospiti abituali e quelli che prenotano in anticipo possono usufruire di sconti. Chiedete delle nostre promozioni quando prenotate.<\/p>\n\n        <\/div>\n    <\/div>\n\n\n\n<div style=\"height:70px\" aria-hidden=\"true\" class=\"wp-block-spacer\"><\/div>\n\n\n\n<h2 class=\"wp-block-heading has-text-align-center\">Qui \u00c8 possibile ottenere di pi\u00f9 per i Soldi<\/h2>\n\n\n\n<div style=\"height:100px\" aria-hidden=\"true\" class=\"wp-block-spacer\"><\/div>\n\n\n<div id=\"ep-block-text-image-block_d3833a2653c56f83d10fd962a15ae735\" class=\"ep-block-text-image ep-block  layout-beige image-right\">\n\n                                                                        \n        <div class=\"image-holder\" style=\"\">\n            <picture class=\"image\">\n                <source srcset=\"https:\/\/www.schoenruh-seefeld.com\/wp-content\/uploads\/2025\/10\/winterwandern-560x580-c-center.jpg 1x\" media=\"(min-width: 1024px)\"\/>\n                <source srcset=\"https:\/\/www.schoenruh-seefeld.com\/wp-content\/uploads\/2025\/10\/winterwandern-768x800-c-center.jpg 1x\" media=\"(min-width: 768px)\"\/>\n                <source srcset=\"https:\/\/www.schoenruh-seefeld.com\/wp-content\/uploads\/2025\/10\/winterwandern-768x800-c-center.jpg 1x\" media=\"(max-width: 767px)\"\/>\n                <img decoding=\"async\" src=\"https:\/\/www.schoenruh-seefeld.com\/wp-content\/uploads\/2025\/10\/winterwandern-768x800-c-center.jpg\" alt=\"Winterwandern in Seefeld\" title=\"winterwandern\"\/>\n            <\/picture>\n        <\/div>\n    \n    \n    <div class=\"text-holder\">\n        <div class=\"inner\">\n                            <h3 class=\"sub-title\">Prenota 4 notti, ne paghi 3<\/h3>\n            \n                            <h2 class=\"title\">Start of the Week Special<\/h2>\n            \n                            <div class=\"text\"><p style=\"text-align: left;\">Inizia la settimana all\u2019insegna del relax e concediti una vacanza pi\u00f9 lunga a un prezzo vantaggioso. Con lo Start of the Week Special arrivi di domenica, soggiorni quattro notti e ne paghi solo tre \u2013 una notte \u00e8 in omaggio. Ideale per chi ama la tranquillit\u00e0, il benessere e il piacere di vivere l\u2019hotel nei giorni pi\u00f9 rilassanti della settimana.<\/p>\n<\/div>\n            \n            \n                                \n                <div class=\"link-wrapper\">\n                    <a href=\"https:\/\/www.schoenruh-seefeld.com\/it\/pacchetti\/start-of-the-week\/\" target=\"_blank\" title=\"4 notti \u00b7 1 in omaggio\" class=\"btn red\">\n                        4 notti \u00b7 1 in omaggio\n                    <\/a>\n                <\/div>\n            \n        <\/div>\n    <\/div>\n\n    <\/div>\n\n\n<div style=\"height:200px\" aria-hidden=\"true\" class=\"wp-block-spacer\"><\/div>\n\n\n<div id=\"ep-block-text-image-block_07a596e5ba2d1b7d34e4c574989838d4\" class=\"ep-block-text-image ep-block  layout-beige image-left\">\n\n                                                                        \n        <div class=\"image-holder\" style=\"\">\n            <picture class=\"image\">\n                <source srcset=\"https:\/\/www.schoenruh-seefeld.com\/wp-content\/uploads\/2018\/09\/Apfel-560x580-c-center.jpg 1x\" media=\"(min-width: 1024px)\"\/>\n                <source srcset=\"https:\/\/www.schoenruh-seefeld.com\/wp-content\/uploads\/2018\/09\/Apfel-768x800-c-center.jpg 1x\" media=\"(min-width: 768px)\"\/>\n                <source srcset=\"https:\/\/www.schoenruh-seefeld.com\/wp-content\/uploads\/2018\/09\/Apfel-768x800-c-center.jpg 1x\" media=\"(max-width: 767px)\"\/>\n                <img decoding=\"async\" src=\"https:\/\/www.schoenruh-seefeld.com\/wp-content\/uploads\/2018\/09\/Apfel-768x800-c-center.jpg\" alt=\"\" title=\"Hotel Sch\u00f6nruh Werbefotos August 2016 &#8211; Foto: David Johansson\"\/>\n            <\/picture>\n        <\/div>\n    \n    \n    <div class=\"text-holder\">\n        <div class=\"inner\">\n            \n                            <h2 class=\"title\">Bonus Early Booking &#8211; Il mattino ha l&#8217;oro in bocca<\/h2>\n            \n                            <div class=\"text\"><p>Se ci informate abbastanza in anticipo su quando desiderate venirci a trovare vi aiutiamo a risparmiare! Assicuratevi di ottenere uno sconto del 5% prenotando fino a 60 Giorni prima della data di arrivo! Prenotando con lo Sconto!<\/p>\n<\/div>\n            \n            \n                                \n                <div class=\"link-wrapper\">\n                    <a href=\"https:\/\/www.schoenruh-seefeld.com\/it\/holiday-request\/\" target=\"_blank\" title=\"richiesta direttamente\" class=\"btn red\">\n                        richiesta direttamente\n                    <\/a>\n                <\/div>\n            \n        <\/div>\n    <\/div>\n\n    <\/div>\n\n\n<div style=\"height:200px\" aria-hidden=\"true\" class=\"wp-block-spacer\"><\/div>\n\n\n<div id=\"ep-block-text-image-block_c1c0b61e55bb39fbce61cecd31bb4a5f\" class=\"ep-block-text-image ep-block  layout-beige image-right\">\n\n                                                                        \n        <div class=\"image-holder\" style=\"\">\n            <picture class=\"image\">\n                <source srcset=\"https:\/\/www.schoenruh-seefeld.com\/wp-content\/uploads\/2022\/07\/wellnesshotel-schoenruh-seefeld-seminar-und-wellness-tirol-7535-dj-560x580-c-center.jpg 1x\" media=\"(min-width: 1024px)\"\/>\n                <source srcset=\"https:\/\/www.schoenruh-seefeld.com\/wp-content\/uploads\/2022\/07\/wellnesshotel-schoenruh-seefeld-seminar-und-wellness-tirol-7535-dj-768x800-c-center.jpg 1x\" media=\"(min-width: 768px)\"\/>\n                <source srcset=\"https:\/\/www.schoenruh-seefeld.com\/wp-content\/uploads\/2022\/07\/wellnesshotel-schoenruh-seefeld-seminar-und-wellness-tirol-7535-dj-768x800-c-center.jpg 1x\" media=\"(max-width: 767px)\"\/>\n                <img decoding=\"async\" src=\"https:\/\/www.schoenruh-seefeld.com\/wp-content\/uploads\/2022\/07\/wellnesshotel-schoenruh-seefeld-seminar-und-wellness-tirol-7535-dj-768x800-c-center.jpg\" alt=\"wellnesshotel-schoenruh-seefeld-seminar-und-wellness-tirol\" title=\"wellnesshotel-schoenruh-seefeld-seminar-und-wellness-tirol-7535-dj\"\/>\n            <\/picture>\n        <\/div>\n    \n    \n    <div class=\"text-holder\">\n        <div class=\"inner\">\n            \n                            <h2 class=\"title\">Sconto cliente fisso &#8211; Vale la pena di tornare<\/h2>\n            \n                            <div class=\"text\"><p style=\"text-align: left;\">Abbiamo un regalo molto speciale per i nostri ospiti. Chiedete al momento della prenotazione del nostro sconto cliente fisso. Volentieri daremo ai nostri ospiti pi\u00f9 fedeli uno sconto del 3-5%.<\/p>\n<\/div>\n            \n            \n                                \n                <div class=\"link-wrapper\">\n                    <a href=\"https:\/\/www.schoenruh-seefeld.com\/it\/holiday-request\/\" target=\"_blank\" title=\"richiesta direttamente\" class=\"btn red\">\n                        richiesta direttamente\n                    <\/a>\n                <\/div>\n            \n        <\/div>\n    <\/div>\n\n    <\/div>\n\n\n<div style=\"height:200px\" aria-hidden=\"true\" class=\"wp-block-spacer\"><\/div>\n","protected":false},"excerpt":{"rendered":"Qui \u00c8 possibile ottenere di pi\u00f9 per i Soldi","protected":false},"author":3,"featured_media":37619,"parent":2675,"menu_order":0,"comment_status":"closed","ping_status":"closed","template":"","meta":{"_acf_changed":false,"footnotes":""},"categories":[],"tags":[],"class_list":["post-2659","page","type-page","status-publish","has-post-thumbnail","hentry"],"acf":[],"yoast_head":"<!-- This site is optimized with the Yoast SEO plugin v26.1.1 - https:\/\/yoast.com\/wordpress\/plugins\/seo\/ -->\n<title>Promozioni &#187; Wellnesshotel Sch\u00f6nruh<\/title>\n<meta name=\"description\" content=\"4\u2605 Wellnesshotel Sch\u00f6nruh \u26f2 Promozioni Qui \u00c8 possibile ottenere di pi\u00f9 per i Soldi &#187; Azioni nel Wellnesshotel Sch\u00f6nruh\" \/>\n<meta name=\"robots\" content=\"index, follow, max-snippet:-1, max-image-preview:large, max-video-preview:-1\" \/>\n<link rel=\"canonical\" href=\"https:\/\/www.schoenruh-seefeld.com\/it\/camere-prezzi\/promozioni\/\" \/>\n<meta property=\"og:locale\" content=\"it_IT\" \/>\n<meta property=\"og:type\" content=\"article\" \/>\n<meta property=\"og:title\" content=\"Promozioni &#187; Wellnesshotel Sch\u00f6nruh\" \/>\n<meta property=\"og:description\" content=\"4\u2605 Wellnesshotel Sch\u00f6nruh \u26f2 Promozioni Qui \u00c8 possibile ottenere di pi\u00f9 per i Soldi &#187; Azioni nel Wellnesshotel Sch\u00f6nruh\" \/>\n<meta property=\"og:url\" content=\"https:\/\/www.schoenruh-seefeld.com\/it\/camere-prezzi\/promozioni\/\" \/>\n<meta property=\"og:site_name\" content=\"Wellnesshotel Sch\u00f6nruh\" \/>\n<meta property=\"article:publisher\" content=\"https:\/\/www.facebook.com\/schoenruh.seefeld\/\" \/>\n<meta property=\"article:modified_time\" content=\"2026-01-19T08:24:56+00:00\" \/>\n<meta property=\"og:image\" content=\"https:\/\/www.schoenruh-seefeld.com\/wp-content\/uploads\/2022\/08\/wellnesshotel-schoenruh-seefeld-tirol-mai-2022-copyright-davidjohansson-7448-hdr-print-scaled.jpg\" \/>\n\t<meta property=\"og:image:width\" content=\"2560\" \/>\n\t<meta property=\"og:image:height\" content=\"1708\" \/>\n\t<meta property=\"og:image:type\" content=\"image\/jpeg\" \/>\n<meta name=\"twitter:card\" content=\"summary_large_image\" \/>\n<meta name=\"twitter:label1\" content=\"Tempo di lettura stimato\" \/>\n\t<meta name=\"twitter:data1\" content=\"1 minuto\" \/>\n<script type=\"application\/ld+json\" class=\"yoast-schema-graph\">{\"@context\":\"https:\/\/schema.org\",\"@graph\":[{\"@type\":\"WebPage\",\"@id\":\"https:\/\/www.schoenruh-seefeld.com\/it\/camere-prezzi\/promozioni\/\",\"url\":\"https:\/\/www.schoenruh-seefeld.com\/it\/camere-prezzi\/promozioni\/\",\"name\":\"Promozioni &#187; Wellnesshotel Sch\u00f6nruh\",\"isPartOf\":{\"@id\":\"https:\/\/www.schoenruh-seefeld.com\/#website\"},\"primaryImageOfPage\":{\"@id\":\"https:\/\/www.schoenruh-seefeld.com\/it\/camere-prezzi\/promozioni\/#primaryimage\"},\"image\":{\"@id\":\"https:\/\/www.schoenruh-seefeld.com\/it\/camere-prezzi\/promozioni\/#primaryimage\"},\"thumbnailUrl\":\"https:\/\/www.schoenruh-seefeld.com\/wp-content\/uploads\/2022\/08\/wellnesshotel-schoenruh-seefeld-tirol-mai-2022-copyright-davidjohansson-7448-hdr-print-scaled.jpg\",\"datePublished\":\"2015-12-15T20:10:29+00:00\",\"dateModified\":\"2026-01-19T08:24:56+00:00\",\"description\":\"4\u2605 Wellnesshotel Sch\u00f6nruh \u26f2 Promozioni Qui \u00c8 possibile ottenere di pi\u00f9 per i Soldi &#187; Azioni nel Wellnesshotel Sch\u00f6nruh\",\"breadcrumb\":{\"@id\":\"https:\/\/www.schoenruh-seefeld.com\/it\/camere-prezzi\/promozioni\/#breadcrumb\"},\"inLanguage\":\"it-IT\",\"potentialAction\":[{\"@type\":\"ReadAction\",\"target\":[\"https:\/\/www.schoenruh-seefeld.com\/it\/camere-prezzi\/promozioni\/\"]}]},{\"@type\":\"ImageObject\",\"inLanguage\":\"it-IT\",\"@id\":\"https:\/\/www.schoenruh-seefeld.com\/it\/camere-prezzi\/promozioni\/#primaryimage\",\"url\":\"https:\/\/www.schoenruh-seefeld.com\/wp-content\/uploads\/2022\/08\/wellnesshotel-schoenruh-seefeld-tirol-mai-2022-copyright-davidjohansson-7448-hdr-print-scaled.jpg\",\"contentUrl\":\"https:\/\/www.schoenruh-seefeld.com\/wp-content\/uploads\/2022\/08\/wellnesshotel-schoenruh-seefeld-tirol-mai-2022-copyright-davidjohansson-7448-hdr-print-scaled.jpg\",\"width\":2560,\"height\":1708},{\"@type\":\"BreadcrumbList\",\"@id\":\"https:\/\/www.schoenruh-seefeld.com\/it\/camere-prezzi\/promozioni\/#breadcrumb\",\"itemListElement\":[{\"@type\":\"ListItem\",\"position\":1,\"name\":\"Home\",\"item\":\"https:\/\/www.schoenruh-seefeld.com\/it\/\"},{\"@type\":\"ListItem\",\"position\":2,\"name\":\"Camere &amp; Prezzi\",\"item\":\"https:\/\/www.schoenruh-seefeld.com\/it\/camere-prezzi\/\"},{\"@type\":\"ListItem\",\"position\":3,\"name\":\"Promozioni\"}]},{\"@type\":\"WebSite\",\"@id\":\"https:\/\/www.schoenruh-seefeld.com\/#website\",\"url\":\"https:\/\/www.schoenruh-seefeld.com\/\",\"name\":\"Wellnesshotel Sch\u00f6nruh\",\"description\":\"Kaltschmid Hotels - Sch\u00f6nruh Seefeld\",\"publisher\":{\"@id\":\"https:\/\/www.schoenruh-seefeld.com\/#organization\"},\"potentialAction\":[{\"@type\":\"SearchAction\",\"target\":{\"@type\":\"EntryPoint\",\"urlTemplate\":\"https:\/\/www.schoenruh-seefeld.com\/?s={search_term_string}\"},\"query-input\":{\"@type\":\"PropertyValueSpecification\",\"valueRequired\":true,\"valueName\":\"search_term_string\"}}],\"inLanguage\":\"it-IT\"},{\"@type\":\"Organization\",\"@id\":\"https:\/\/www.schoenruh-seefeld.com\/#organization\",\"name\":\"Wellnesshotel Sch\u00f6nruh Seefeld\",\"url\":\"https:\/\/www.schoenruh-seefeld.com\/\",\"logo\":{\"@type\":\"ImageObject\",\"inLanguage\":\"it-IT\",\"@id\":\"https:\/\/www.schoenruh-seefeld.com\/#\/schema\/logo\/image\/\",\"url\":\"https:\/\/www.schoenruh-seefeld.com\/wp-content\/uploads\/2017\/03\/Logo-Sch\u00f6nruh.png\",\"contentUrl\":\"https:\/\/www.schoenruh-seefeld.com\/wp-content\/uploads\/2017\/03\/Logo-Sch\u00f6nruh.png\",\"width\":543,\"height\":124,\"caption\":\"Wellnesshotel Sch\u00f6nruh Seefeld\"},\"image\":{\"@id\":\"https:\/\/www.schoenruh-seefeld.com\/#\/schema\/logo\/image\/\"},\"sameAs\":[\"https:\/\/www.facebook.com\/schoenruh.seefeld\/\",\"https:\/\/www.instagram.com\/hotel.schoenruh.seefeld\/\",\"https:\/\/www.youtube.com\/watch?v=GtpAuriho2I\"]}]}<\/script>\n<!-- \/ Yoast SEO plugin. -->","yoast_head_json":{"title":"Promozioni &#187; Wellnesshotel Sch\u00f6nruh","description":"4\u2605 Wellnesshotel Sch\u00f6nruh \u26f2 Promozioni Qui \u00c8 possibile ottenere di pi\u00f9 per i Soldi &#187; Azioni nel Wellnesshotel Sch\u00f6nruh","robots":{"index":"index","follow":"follow","max-snippet":"max-snippet:-1","max-image-preview":"max-image-preview:large","max-video-preview":"max-video-preview:-1"},"canonical":"https:\/\/www.schoenruh-seefeld.com\/it\/camere-prezzi\/promozioni\/","og_locale":"it_IT","og_type":"article","og_title":"Promozioni &#187; Wellnesshotel Sch\u00f6nruh","og_description":"4\u2605 Wellnesshotel Sch\u00f6nruh \u26f2 Promozioni Qui \u00c8 possibile ottenere di pi\u00f9 per i Soldi &#187; Azioni nel Wellnesshotel Sch\u00f6nruh","og_url":"https:\/\/www.schoenruh-seefeld.com\/it\/camere-prezzi\/promozioni\/","og_site_name":"Wellnesshotel Sch\u00f6nruh","article_publisher":"https:\/\/www.facebook.com\/schoenruh.seefeld\/","article_modified_time":"2026-01-19T08:24:56+00:00","og_image":[{"width":2560,"height":1708,"url":"https:\/\/www.schoenruh-seefeld.com\/wp-content\/uploads\/2022\/08\/wellnesshotel-schoenruh-seefeld-tirol-mai-2022-copyright-davidjohansson-7448-hdr-print-scaled.jpg","type":"image\/jpeg"}],"twitter_card":"summary_large_image","twitter_misc":{"Tempo di lettura stimato":"1 minuto"},"schema":{"@context":"https:\/\/schema.org","@graph":[{"@type":"WebPage","@id":"https:\/\/www.schoenruh-seefeld.com\/it\/camere-prezzi\/promozioni\/","url":"https:\/\/www.schoenruh-seefeld.com\/it\/camere-prezzi\/promozioni\/","name":"Promozioni &#187; Wellnesshotel Sch\u00f6nruh","isPartOf":{"@id":"https:\/\/www.schoenruh-seefeld.com\/#website"},"primaryImageOfPage":{"@id":"https:\/\/www.schoenruh-seefeld.com\/it\/camere-prezzi\/promozioni\/#primaryimage"},"image":{"@id":"https:\/\/www.schoenruh-seefeld.com\/it\/camere-prezzi\/promozioni\/#primaryimage"},"thumbnailUrl":"https:\/\/www.schoenruh-seefeld.com\/wp-content\/uploads\/2022\/08\/wellnesshotel-schoenruh-seefeld-tirol-mai-2022-copyright-davidjohansson-7448-hdr-print-scaled.jpg","datePublished":"2015-12-15T20:10:29+00:00","dateModified":"2026-01-19T08:24:56+00:00","description":"4\u2605 Wellnesshotel Sch\u00f6nruh \u26f2 Promozioni Qui \u00c8 possibile ottenere di pi\u00f9 per i Soldi &#187; Azioni nel Wellnesshotel Sch\u00f6nruh","breadcrumb":{"@id":"https:\/\/www.schoenruh-seefeld.com\/it\/camere-prezzi\/promozioni\/#breadcrumb"},"inLanguage":"it-IT","potentialAction":[{"@type":"ReadAction","target":["https:\/\/www.schoenruh-seefeld.com\/it\/camere-prezzi\/promozioni\/"]}]},{"@type":"ImageObject","inLanguage":"it-IT","@id":"https:\/\/www.schoenruh-seefeld.com\/it\/camere-prezzi\/promozioni\/#primaryimage","url":"https:\/\/www.schoenruh-seefeld.com\/wp-content\/uploads\/2022\/08\/wellnesshotel-schoenruh-seefeld-tirol-mai-2022-copyright-davidjohansson-7448-hdr-print-scaled.jpg","contentUrl":"https:\/\/www.schoenruh-seefeld.com\/wp-content\/uploads\/2022\/08\/wellnesshotel-schoenruh-seefeld-tirol-mai-2022-copyright-davidjohansson-7448-hdr-print-scaled.jpg","width":2560,"height":1708},{"@type":"BreadcrumbList","@id":"https:\/\/www.schoenruh-seefeld.com\/it\/camere-prezzi\/promozioni\/#breadcrumb","itemListElement":[{"@type":"ListItem","position":1,"name":"Home","item":"https:\/\/www.schoenruh-seefeld.com\/it\/"},{"@type":"ListItem","position":2,"name":"Camere &amp; Prezzi","item":"https:\/\/www.schoenruh-seefeld.com\/it\/camere-prezzi\/"},{"@type":"ListItem","position":3,"name":"Promozioni"}]},{"@type":"WebSite","@id":"https:\/\/www.schoenruh-seefeld.com\/#website","url":"https:\/\/www.schoenruh-seefeld.com\/","name":"Wellnesshotel Sch\u00f6nruh","description":"Kaltschmid Hotels - Sch\u00f6nruh Seefeld","publisher":{"@id":"https:\/\/www.schoenruh-seefeld.com\/#organization"},"potentialAction":[{"@type":"SearchAction","target":{"@type":"EntryPoint","urlTemplate":"https:\/\/www.schoenruh-seefeld.com\/?s={search_term_string}"},"query-input":{"@type":"PropertyValueSpecification","valueRequired":true,"valueName":"search_term_string"}}],"inLanguage":"it-IT"},{"@type":"Organization","@id":"https:\/\/www.schoenruh-seefeld.com\/#organization","name":"Wellnesshotel Sch\u00f6nruh Seefeld","url":"https:\/\/www.schoenruh-seefeld.com\/","logo":{"@type":"ImageObject","inLanguage":"it-IT","@id":"https:\/\/www.schoenruh-seefeld.com\/#\/schema\/logo\/image\/","url":"https:\/\/www.schoenruh-seefeld.com\/wp-content\/uploads\/2017\/03\/Logo-Sch\u00f6nruh.png","contentUrl":"https:\/\/www.schoenruh-seefeld.com\/wp-content\/uploads\/2017\/03\/Logo-Sch\u00f6nruh.png","width":543,"height":124,"caption":"Wellnesshotel Sch\u00f6nruh Seefeld"},"image":{"@id":"https:\/\/www.schoenruh-seefeld.com\/#\/schema\/logo\/image\/"},"sameAs":["https:\/\/www.facebook.com\/schoenruh.seefeld\/","https:\/\/www.instagram.com\/hotel.schoenruh.seefeld\/","https:\/\/www.youtube.com\/watch?v=GtpAuriho2I"]}]}},"_links":{"self":[{"href":"https:\/\/www.schoenruh-seefeld.com\/it\/wp-json\/wp\/v2\/pages\/2659","targetHints":{"allow":["GET"]}}],"collection":[{"href":"https:\/\/www.schoenruh-seefeld.com\/it\/wp-json\/wp\/v2\/pages"}],"about":[{"href":"https:\/\/www.schoenruh-seefeld.com\/it\/wp-json\/wp\/v2\/types\/page"}],"author":[{"embeddable":true,"href":"https:\/\/www.schoenruh-seefeld.com\/it\/wp-json\/wp\/v2\/users\/3"}],"replies":[{"embeddable":true,"href":"https:\/\/www.schoenruh-seefeld.com\/it\/wp-json\/wp\/v2\/comments?post=2659"}],"version-history":[{"count":36,"href":"https:\/\/www.schoenruh-seefeld.com\/it\/wp-json\/wp\/v2\/pages\/2659\/revisions"}],"predecessor-version":[{"id":50857,"href":"https:\/\/www.schoenruh-seefeld.com\/it\/wp-json\/wp\/v2\/pages\/2659\/revisions\/50857"}],"up":[{"embeddable":true,"href":"https:\/\/www.schoenruh-seefeld.com\/it\/wp-json\/wp\/v2\/pages\/2675"}],"wp:featuredmedia":[{"embeddable":true,"href":"https:\/\/www.schoenruh-seefeld.com\/it\/wp-json\/wp\/v2\/media\/37619"}],"wp:attachment":[{"href":"https:\/\/www.schoenruh-seefeld.com\/it\/wp-json\/wp\/v2\/media?parent=2659"}],"wp:term":[{"taxonomy":"category","embeddable":true,"href":"https:\/\/www.schoenruh-seefeld.com\/it\/wp-json\/wp\/v2\/categories?post=2659"},{"taxonomy":"post_tag","embeddable":true,"href":"https:\/\/www.schoenruh-seefeld.com\/it\/wp-json\/wp\/v2\/tags?post=2659"}],"curies":[{"name":"wp","href":"https:\/\/api.w.org\/{rel}","templated":true}]}}