{"id":27165,"date":"2021-06-02T16:18:00","date_gmt":"2021-06-02T14:18:00","guid":{"rendered":"https:\/\/www.schoenruh-seefeld.com\/?page_id=27165"},"modified":"2025-03-06T14:22:20","modified_gmt":"2025-03-06T13:22:20","slug":"luna-di-bambino","status":"publish","type":"page","link":"https:\/\/www.schoenruh-seefeld.com\/it\/lhotel\/luna-di-bambino\/","title":{"rendered":"Luna di Bambino"},"content":{"rendered":"    <div id=\"ep-block-pre-text-block_cf72dbb6d8980daa71c4123d192b3436\" class=\"ep-block-pre-text ep-block \">\n        <div class=\"pre-text\">\n            <p>Babymoon al Wellnesshotel Sch\u00f6nruh: l&#8217;ultima vacanza di coppia prima dei tre anni. Questo significa mettere i piedi in alto, godersi il benessere, rilassarsi e celebrare l&#8217;intimit\u00e0. Basta spegnere la vita quotidiana e concentrarsi completamente su se stessi e sul pancione che cresce. Dove la vostra luna di miele potrebbe essere pi\u00f9 bella che a Seefeld in Tirolo!<\/p>\n\n        <\/div>\n    <\/div>\n\n\n\n<div style=\"height:100px\" aria-hidden=\"true\" class=\"wp-block-spacer\"><\/div>\n\n\n<div id=\"ep-block-text-image-block_f5f50bbbc0da8cbd44e301840d779482\" class=\"ep-block-text-image ep-block  layout-beige image-left\">\n\n                                                                        \n        <div class=\"image-holder\" style=\"\">\n            <picture class=\"image\">\n                <source srcset=\"https:\/\/www.schoenruh-seefeld.com\/wp-content\/uploads\/2022\/10\/woman-g7765caf97-1920-560x580-c-center.jpg 1x\" media=\"(min-width: 1024px)\"\/>\n                <source srcset=\"https:\/\/www.schoenruh-seefeld.com\/wp-content\/uploads\/2022\/10\/woman-g7765caf97-1920-768x800-c-center.jpg 1x\" media=\"(min-width: 768px)\"\/>\n                <source srcset=\"https:\/\/www.schoenruh-seefeld.com\/wp-content\/uploads\/2022\/10\/woman-g7765caf97-1920-768x800-c-center.jpg 1x\" media=\"(max-width: 767px)\"\/>\n                <img decoding=\"async\" src=\"https:\/\/www.schoenruh-seefeld.com\/wp-content\/uploads\/2022\/10\/woman-g7765caf97-1920-768x800-c-center.jpg\" alt=\"\" title=\"woman-g7765caf97_1920\"\/>\n            <\/picture>\n        <\/div>\n    \n    \n    <div class=\"text-holder\">\n        <div class=\"inner\">\n                            <h3 class=\"sub-title\">Vacanze in gravidanza<\/h3>\n            \n                            <h2 class=\"title\">L&#8217;hotel perfetto per la luna di miele delle donne incinte<\/h2>\n            \n                            <div class=\"text\"><p>La luna di miele \u00e8 una vacanza durante la gravidanza in cui ci si pu\u00f2 coccolare ancora una volta. Oltre alle numerose offerte di benessere, lo Sch\u00f6nruh di Seefeld ha in serbo per voi anche molte specialit\u00e0 culinarie per la vostra ultima vacanza di coppia. E soprattutto: l&#8217;hotel benessere Sch\u00f6nruh \u00e8 &#8220;Adults only&#8221;. Cos\u00ec si arriver\u00e0 sicuramente al riposo. \u00c8 una promessa!<\/p>\n<h2>Luna di miele in Tirolo<\/h2>\n<p>Il vostro ginecologo vi avr\u00e0 comunque sconsigliato i viaggi a lunga distanza. A Seefeld, in Tirolo, c&#8217;\u00e8 tutto ci\u00f2 di cui avete bisogno: aria fresca, natura incontaminata, una vista mozzafiato sulle montagne, sentieri escursionistici lunghi e brevi e, naturalmente, cibo tradizionale tirolese, ma anche cucina leggera. A proposito, prestiamo molta attenzione al cibo buono e sano durante la vostra luna di miele. Dovrebbe essere ricco di fibre, vitamine e minerali. Erbe fresche del nostro orto, molta frutta e verdura e pesce fresco sono presenti nel menu.<\/p>\n<\/div>\n            \n            \n        <\/div>\n    <\/div>\n\n    <\/div>\n\n\n<div style=\"height:100px\" aria-hidden=\"true\" class=\"wp-block-spacer\"><\/div>\n\n\n<div id=\"ep-block-text-image-block_6e13502f4044e53a03cefcc58614b3f8\" class=\"ep-block-text-image ep-block  layout-primary image-right\">\n\n                                                                                    \n        <div class=\"image-holder\" style=\"background-image: url(https:\/\/www.schoenruh-seefeld.com\/wp-content\/uploads\/2022\/08\/wellnesshotel-schoenruh-seefeld-tirol-mai-2022-copyright-davidjohansson-7253-print-scaled-960x960-c-center.jpg)\">\n            <picture class=\"image\">\n                <source srcset=\"https:\/\/www.schoenruh-seefeld.com\/wp-content\/uploads\/2022\/08\/wellnesshotel-schoenruh-seefeld-tirol-mai-2022-copyright-davidjohansson-7253-print-scaled-866x580-c-center.jpg 1x\" media=\"(min-width: 1024px)\"\/>\n                <source srcset=\"https:\/\/www.schoenruh-seefeld.com\/wp-content\/uploads\/2022\/08\/wellnesshotel-schoenruh-seefeld-tirol-mai-2022-copyright-davidjohansson-7253-print-scaled-768x514-c-center.jpg 1x\" media=\"(min-width: 768px)\"\/>\n                <source srcset=\"https:\/\/www.schoenruh-seefeld.com\/wp-content\/uploads\/2022\/08\/wellnesshotel-schoenruh-seefeld-tirol-mai-2022-copyright-davidjohansson-7253-print-scaled-768x514-c-center.jpg 1x\" media=\"(max-width: 767px)\"\/>\n                <img decoding=\"async\" src=\"https:\/\/www.schoenruh-seefeld.com\/wp-content\/uploads\/2022\/08\/wellnesshotel-schoenruh-seefeld-tirol-mai-2022-copyright-davidjohansson-7253-print-scaled-768x514-c-center.jpg\" alt=\"wellnesshotel-schoenruh-seefeld-tirol-mai-2022-copyright-DavidJohansson-7253-print\" title=\"wellnesshotel-schoenruh-seefeld-tirol-mai-2022-copyright-DavidJohansson-7253-print\"\/>\n            <\/picture>\n        <\/div>\n    \n            <div class=\"container lg:mx-auto\">\n    \n    <div class=\"text-holder\">\n        <div class=\"inner\">\n            \n                            <h2 class=\"title\">Delizioso buffet per la luna di latte<\/h2>\n            \n                            <div class=\"text\"><p>Pane al miele con pomodoro? Panino alla marmellata con salame? Per i palati delle mamme occasionalmente molto speciali, non c&#8217;\u00e8 niente di meglio di una ricca colazione a buffet. Se lo desiderate, possiamo anche offrirvi un sottaceto da abbinare al vostro croissant.<\/p>\n<p>Non \u00e8 necessario mangiare per due, ma piccole porzioni regolari fanno bene a mamma e bambino. Prendetevi il tempo necessario, perch\u00e9 la nostra colazione va dalle 8:00 alle 10:30.<\/p>\n<p>Piatti a base di uova fresche, marmellate e pane abbondante sono la base ideale per una giornata di riposo. Non importa in quale combinazione vengano mangiati \ud83d\ude09<\/p>\n<p><strong>Nell&#8217;estate 2025<\/strong>, dolci prelibatezze dal buffet, tutti i giorni dalle 14:00 alle 16:00 nella sala dell&#8217;hotel<\/p>\n<p>La sera vi vizieremo con il nostro menu di 4 portate, dove potrete naturalmente scegliere il vostro piatto preferito per ogni portata.<\/p>\n<\/div>\n            \n            \n        <\/div>\n    <\/div>\n\n            <\/div>\n    <\/div>\n\n\n<div style=\"height:100px\" aria-hidden=\"true\" class=\"wp-block-spacer\"><\/div>\n\n\n<div id=\"ep-block-text-image-block_13584f27861feed4e8388a00863ac068\" class=\"ep-block-text-image ep-block  layout-beige image-left\">\n\n                                                                        \n        <div class=\"image-holder\" style=\"\">\n            <picture class=\"image\">\n                <source srcset=\"https:\/\/www.schoenruh-seefeld.com\/wp-content\/uploads\/2022\/10\/woman-g0855122d2-1920-560x580-c-center.jpg 1x\" media=\"(min-width: 1024px)\"\/>\n                <source srcset=\"https:\/\/www.schoenruh-seefeld.com\/wp-content\/uploads\/2022\/10\/woman-g0855122d2-1920-768x800-c-center.jpg 1x\" media=\"(min-width: 768px)\"\/>\n                <source srcset=\"https:\/\/www.schoenruh-seefeld.com\/wp-content\/uploads\/2022\/10\/woman-g0855122d2-1920-768x800-c-center.jpg 1x\" media=\"(max-width: 767px)\"\/>\n                <img decoding=\"async\" src=\"https:\/\/www.schoenruh-seefeld.com\/wp-content\/uploads\/2022\/10\/woman-g0855122d2-1920-768x800-c-center.jpg\" alt=\"\" title=\"woman-g0855122d2_1920\"\/>\n            <\/picture>\n        <\/div>\n    \n    \n    <div class=\"text-holder\">\n        <div class=\"inner\">\n                            <h3 class=\"sub-title\">Offerta benessere per le future mamme<\/h3>\n            \n                            <h2 class=\"title\">Luna di latte all&#8217;Hotel Benessere<\/h2>\n            \n                            <div class=\"text\"><p>Questo fa semplicemente parte di una luna di miele di successo. Un&#8217;area benessere ben riscaldata dove potrete stare comodi in accappatoio tutto il giorno. Accoccolatevi con il vostro partner davanti a un bicchiere di t\u00e8, leggete un buon libro e concedetevi qualche seduta di bellezza: che ve ne pare? Godetevi il tempo per due nelle nostre splendide zone relax, rilassatevi su comodi letti ad acqua, gustate frutta fresca e altri snack e aspettate con ansia il vostro prossimo appuntamento con il benessere. Rilassatevi con un massaggio, distendetevi nella nostra sauna (consigliamo la bio-sauna dolce da 45 a 60\u00b0), nel bagno turco, mentre nuotate o nella cabina a infrarossi. Fate qualcosa per una carnagione fresca e godetevi un trattamento per il viso. Consigliato anche un pedicure. Dopo tutto, non \u00e8 cos\u00ec facile ottenerne uno da soli&#8230;<\/p>\n<p>Ecco i trattamenti benessere che consigliamo alle nostre future mamme: Offerta benessere per la luna di miele<\/p>\n<p>Naturalmente, il nostro team qualificato \u00e8 a vostra disposizione per una consulenza individuale. I nostri esperti del benessere renderanno indimenticabile la vostra Babymoon a Seefeld!<\/p>\n<p>Convinti? Chiamateci o scriveteci. Non vediamo l&#8217;ora di conoscervi!<\/p>\n<\/div>\n            \n            \n                                \n                <div class=\"link-wrapper\">\n                    <a href=\"https:\/\/www.alpenpark-seefeld.com\/it\/holiday-request\/\" target=\"\" title=\"Richiesta direttamente\" class=\"btn red\">\n                        Richiesta direttamente\n                    <\/a>\n                <\/div>\n            \n        <\/div>\n    <\/div>\n\n    <\/div>\n\n\n<div style=\"height:100px\" aria-hidden=\"true\" class=\"wp-block-spacer\"><\/div>\n","protected":false},"excerpt":{"rendered":"","protected":false},"author":30,"featured_media":24945,"parent":2703,"menu_order":0,"comment_status":"closed","ping_status":"closed","template":"","meta":{"_acf_changed":false,"footnotes":""},"categories":[],"tags":[],"class_list":["post-27165","page","type-page","status-publish","has-post-thumbnail","hentry"],"acf":[],"yoast_head":"<!-- This site is optimized with the Yoast SEO plugin v26.1.1 - https:\/\/yoast.com\/wordpress\/plugins\/seo\/ -->\n<title>Luna di Bambino &#187; Wellnesshotel Sch\u00f6nruh<\/title>\n<meta name=\"description\" content=\"4\u2605 Wellnesshotel Sch\u00f6nruh \u26f2 Luna di Bambino &#187; Benessere per le donne incinte\" \/>\n<meta name=\"robots\" content=\"index, follow, max-snippet:-1, max-image-preview:large, max-video-preview:-1\" \/>\n<link rel=\"canonical\" href=\"https:\/\/www.schoenruh-seefeld.com\/it\/lhotel\/luna-di-bambino\/\" \/>\n<meta property=\"og:locale\" content=\"it_IT\" \/>\n<meta property=\"og:type\" content=\"article\" \/>\n<meta property=\"og:title\" content=\"Luna di Bambino &#187; Wellnesshotel Sch\u00f6nruh\" \/>\n<meta property=\"og:description\" content=\"4\u2605 Wellnesshotel Sch\u00f6nruh \u26f2 Luna di Bambino &#187; Benessere per le donne incinte\" \/>\n<meta property=\"og:url\" content=\"https:\/\/www.schoenruh-seefeld.com\/it\/lhotel\/luna-di-bambino\/\" \/>\n<meta property=\"og:site_name\" content=\"Wellnesshotel Sch\u00f6nruh\" \/>\n<meta property=\"article:publisher\" content=\"https:\/\/www.facebook.com\/schoenruh.seefeld\/\" \/>\n<meta property=\"article:modified_time\" content=\"2025-03-06T13:22:20+00:00\" \/>\n<meta property=\"og:image\" content=\"https:\/\/www.schoenruh-seefeld.com\/wp-content\/uploads\/2020\/08\/babymoon-behandlungen.png\" \/>\n\t<meta property=\"og:image:width\" content=\"1280\" \/>\n\t<meta property=\"og:image:height\" content=\"720\" \/>\n\t<meta property=\"og:image:type\" content=\"image\/png\" \/>\n<meta name=\"twitter:card\" content=\"summary_large_image\" \/>\n<meta name=\"twitter:label1\" content=\"Tempo di lettura stimato\" \/>\n\t<meta name=\"twitter:data1\" content=\"1 minuto\" \/>\n<script type=\"application\/ld+json\" class=\"yoast-schema-graph\">{\"@context\":\"https:\/\/schema.org\",\"@graph\":[{\"@type\":\"WebPage\",\"@id\":\"https:\/\/www.schoenruh-seefeld.com\/it\/lhotel\/luna-di-bambino\/\",\"url\":\"https:\/\/www.schoenruh-seefeld.com\/it\/lhotel\/luna-di-bambino\/\",\"name\":\"Luna di Bambino &#187; Wellnesshotel Sch\u00f6nruh\",\"isPartOf\":{\"@id\":\"https:\/\/www.schoenruh-seefeld.com\/#website\"},\"primaryImageOfPage\":{\"@id\":\"https:\/\/www.schoenruh-seefeld.com\/it\/lhotel\/luna-di-bambino\/#primaryimage\"},\"image\":{\"@id\":\"https:\/\/www.schoenruh-seefeld.com\/it\/lhotel\/luna-di-bambino\/#primaryimage\"},\"thumbnailUrl\":\"https:\/\/www.schoenruh-seefeld.com\/wp-content\/uploads\/2020\/08\/babymoon-behandlungen.png\",\"datePublished\":\"2021-06-02T14:18:00+00:00\",\"dateModified\":\"2025-03-06T13:22:20+00:00\",\"description\":\"4\u2605 Wellnesshotel Sch\u00f6nruh \u26f2 Luna di Bambino &#187; Benessere per le donne incinte\",\"breadcrumb\":{\"@id\":\"https:\/\/www.schoenruh-seefeld.com\/it\/lhotel\/luna-di-bambino\/#breadcrumb\"},\"inLanguage\":\"it-IT\",\"potentialAction\":[{\"@type\":\"ReadAction\",\"target\":[\"https:\/\/www.schoenruh-seefeld.com\/it\/lhotel\/luna-di-bambino\/\"]}]},{\"@type\":\"ImageObject\",\"inLanguage\":\"it-IT\",\"@id\":\"https:\/\/www.schoenruh-seefeld.com\/it\/lhotel\/luna-di-bambino\/#primaryimage\",\"url\":\"https:\/\/www.schoenruh-seefeld.com\/wp-content\/uploads\/2020\/08\/babymoon-behandlungen.png\",\"contentUrl\":\"https:\/\/www.schoenruh-seefeld.com\/wp-content\/uploads\/2020\/08\/babymoon-behandlungen.png\",\"width\":1280,\"height\":720,\"caption\":\"Babymoon Behandlungen\"},{\"@type\":\"BreadcrumbList\",\"@id\":\"https:\/\/www.schoenruh-seefeld.com\/it\/lhotel\/luna-di-bambino\/#breadcrumb\",\"itemListElement\":[{\"@type\":\"ListItem\",\"position\":1,\"name\":\"Home\",\"item\":\"https:\/\/www.schoenruh-seefeld.com\/it\/\"},{\"@type\":\"ListItem\",\"position\":2,\"name\":\"L&#8217;Hotel\",\"item\":\"https:\/\/www.schoenruh-seefeld.com\/it\/lhotel\/\"},{\"@type\":\"ListItem\",\"position\":3,\"name\":\"Luna di Bambino\"}]},{\"@type\":\"WebSite\",\"@id\":\"https:\/\/www.schoenruh-seefeld.com\/#website\",\"url\":\"https:\/\/www.schoenruh-seefeld.com\/\",\"name\":\"Wellnesshotel Sch\u00f6nruh\",\"description\":\"Kaltschmid Hotels - Sch\u00f6nruh Seefeld\",\"publisher\":{\"@id\":\"https:\/\/www.schoenruh-seefeld.com\/#organization\"},\"potentialAction\":[{\"@type\":\"SearchAction\",\"target\":{\"@type\":\"EntryPoint\",\"urlTemplate\":\"https:\/\/www.schoenruh-seefeld.com\/?s={search_term_string}\"},\"query-input\":{\"@type\":\"PropertyValueSpecification\",\"valueRequired\":true,\"valueName\":\"search_term_string\"}}],\"inLanguage\":\"it-IT\"},{\"@type\":\"Organization\",\"@id\":\"https:\/\/www.schoenruh-seefeld.com\/#organization\",\"name\":\"Wellnesshotel Sch\u00f6nruh Seefeld\",\"url\":\"https:\/\/www.schoenruh-seefeld.com\/\",\"logo\":{\"@type\":\"ImageObject\",\"inLanguage\":\"it-IT\",\"@id\":\"https:\/\/www.schoenruh-seefeld.com\/#\/schema\/logo\/image\/\",\"url\":\"https:\/\/www.schoenruh-seefeld.com\/wp-content\/uploads\/2017\/03\/Logo-Sch\u00f6nruh.png\",\"contentUrl\":\"https:\/\/www.schoenruh-seefeld.com\/wp-content\/uploads\/2017\/03\/Logo-Sch\u00f6nruh.png\",\"width\":543,\"height\":124,\"caption\":\"Wellnesshotel Sch\u00f6nruh Seefeld\"},\"image\":{\"@id\":\"https:\/\/www.schoenruh-seefeld.com\/#\/schema\/logo\/image\/\"},\"sameAs\":[\"https:\/\/www.facebook.com\/schoenruh.seefeld\/\",\"https:\/\/www.instagram.com\/hotel.schoenruh.seefeld\/\",\"https:\/\/www.youtube.com\/watch?v=GtpAuriho2I\"]}]}<\/script>\n<!-- \/ Yoast SEO plugin. -->","yoast_head_json":{"title":"Luna di Bambino &#187; Wellnesshotel Sch\u00f6nruh","description":"4\u2605 Wellnesshotel Sch\u00f6nruh \u26f2 Luna di Bambino &#187; Benessere per le donne incinte","robots":{"index":"index","follow":"follow","max-snippet":"max-snippet:-1","max-image-preview":"max-image-preview:large","max-video-preview":"max-video-preview:-1"},"canonical":"https:\/\/www.schoenruh-seefeld.com\/it\/lhotel\/luna-di-bambino\/","og_locale":"it_IT","og_type":"article","og_title":"Luna di Bambino &#187; Wellnesshotel Sch\u00f6nruh","og_description":"4\u2605 Wellnesshotel Sch\u00f6nruh \u26f2 Luna di Bambino &#187; Benessere per le donne incinte","og_url":"https:\/\/www.schoenruh-seefeld.com\/it\/lhotel\/luna-di-bambino\/","og_site_name":"Wellnesshotel Sch\u00f6nruh","article_publisher":"https:\/\/www.facebook.com\/schoenruh.seefeld\/","article_modified_time":"2025-03-06T13:22:20+00:00","og_image":[{"width":1280,"height":720,"url":"https:\/\/www.schoenruh-seefeld.com\/wp-content\/uploads\/2020\/08\/babymoon-behandlungen.png","type":"image\/png"}],"twitter_card":"summary_large_image","twitter_misc":{"Tempo di lettura stimato":"1 minuto"},"schema":{"@context":"https:\/\/schema.org","@graph":[{"@type":"WebPage","@id":"https:\/\/www.schoenruh-seefeld.com\/it\/lhotel\/luna-di-bambino\/","url":"https:\/\/www.schoenruh-seefeld.com\/it\/lhotel\/luna-di-bambino\/","name":"Luna di Bambino &#187; Wellnesshotel Sch\u00f6nruh","isPartOf":{"@id":"https:\/\/www.schoenruh-seefeld.com\/#website"},"primaryImageOfPage":{"@id":"https:\/\/www.schoenruh-seefeld.com\/it\/lhotel\/luna-di-bambino\/#primaryimage"},"image":{"@id":"https:\/\/www.schoenruh-seefeld.com\/it\/lhotel\/luna-di-bambino\/#primaryimage"},"thumbnailUrl":"https:\/\/www.schoenruh-seefeld.com\/wp-content\/uploads\/2020\/08\/babymoon-behandlungen.png","datePublished":"2021-06-02T14:18:00+00:00","dateModified":"2025-03-06T13:22:20+00:00","description":"4\u2605 Wellnesshotel Sch\u00f6nruh \u26f2 Luna di Bambino &#187; Benessere per le donne incinte","breadcrumb":{"@id":"https:\/\/www.schoenruh-seefeld.com\/it\/lhotel\/luna-di-bambino\/#breadcrumb"},"inLanguage":"it-IT","potentialAction":[{"@type":"ReadAction","target":["https:\/\/www.schoenruh-seefeld.com\/it\/lhotel\/luna-di-bambino\/"]}]},{"@type":"ImageObject","inLanguage":"it-IT","@id":"https:\/\/www.schoenruh-seefeld.com\/it\/lhotel\/luna-di-bambino\/#primaryimage","url":"https:\/\/www.schoenruh-seefeld.com\/wp-content\/uploads\/2020\/08\/babymoon-behandlungen.png","contentUrl":"https:\/\/www.schoenruh-seefeld.com\/wp-content\/uploads\/2020\/08\/babymoon-behandlungen.png","width":1280,"height":720,"caption":"Babymoon Behandlungen"},{"@type":"BreadcrumbList","@id":"https:\/\/www.schoenruh-seefeld.com\/it\/lhotel\/luna-di-bambino\/#breadcrumb","itemListElement":[{"@type":"ListItem","position":1,"name":"Home","item":"https:\/\/www.schoenruh-seefeld.com\/it\/"},{"@type":"ListItem","position":2,"name":"L&#8217;Hotel","item":"https:\/\/www.schoenruh-seefeld.com\/it\/lhotel\/"},{"@type":"ListItem","position":3,"name":"Luna di Bambino"}]},{"@type":"WebSite","@id":"https:\/\/www.schoenruh-seefeld.com\/#website","url":"https:\/\/www.schoenruh-seefeld.com\/","name":"Wellnesshotel Sch\u00f6nruh","description":"Kaltschmid Hotels - Sch\u00f6nruh Seefeld","publisher":{"@id":"https:\/\/www.schoenruh-seefeld.com\/#organization"},"potentialAction":[{"@type":"SearchAction","target":{"@type":"EntryPoint","urlTemplate":"https:\/\/www.schoenruh-seefeld.com\/?s={search_term_string}"},"query-input":{"@type":"PropertyValueSpecification","valueRequired":true,"valueName":"search_term_string"}}],"inLanguage":"it-IT"},{"@type":"Organization","@id":"https:\/\/www.schoenruh-seefeld.com\/#organization","name":"Wellnesshotel Sch\u00f6nruh Seefeld","url":"https:\/\/www.schoenruh-seefeld.com\/","logo":{"@type":"ImageObject","inLanguage":"it-IT","@id":"https:\/\/www.schoenruh-seefeld.com\/#\/schema\/logo\/image\/","url":"https:\/\/www.schoenruh-seefeld.com\/wp-content\/uploads\/2017\/03\/Logo-Sch\u00f6nruh.png","contentUrl":"https:\/\/www.schoenruh-seefeld.com\/wp-content\/uploads\/2017\/03\/Logo-Sch\u00f6nruh.png","width":543,"height":124,"caption":"Wellnesshotel Sch\u00f6nruh Seefeld"},"image":{"@id":"https:\/\/www.schoenruh-seefeld.com\/#\/schema\/logo\/image\/"},"sameAs":["https:\/\/www.facebook.com\/schoenruh.seefeld\/","https:\/\/www.instagram.com\/hotel.schoenruh.seefeld\/","https:\/\/www.youtube.com\/watch?v=GtpAuriho2I"]}]}},"_links":{"self":[{"href":"https:\/\/www.schoenruh-seefeld.com\/it\/wp-json\/wp\/v2\/pages\/27165","targetHints":{"allow":["GET"]}}],"collection":[{"href":"https:\/\/www.schoenruh-seefeld.com\/it\/wp-json\/wp\/v2\/pages"}],"about":[{"href":"https:\/\/www.schoenruh-seefeld.com\/it\/wp-json\/wp\/v2\/types\/page"}],"author":[{"embeddable":true,"href":"https:\/\/www.schoenruh-seefeld.com\/it\/wp-json\/wp\/v2\/users\/30"}],"replies":[{"embeddable":true,"href":"https:\/\/www.schoenruh-seefeld.com\/it\/wp-json\/wp\/v2\/comments?post=27165"}],"version-history":[{"count":16,"href":"https:\/\/www.schoenruh-seefeld.com\/it\/wp-json\/wp\/v2\/pages\/27165\/revisions"}],"predecessor-version":[{"id":49667,"href":"https:\/\/www.schoenruh-seefeld.com\/it\/wp-json\/wp\/v2\/pages\/27165\/revisions\/49667"}],"up":[{"embeddable":true,"href":"https:\/\/www.schoenruh-seefeld.com\/it\/wp-json\/wp\/v2\/pages\/2703"}],"wp:featuredmedia":[{"embeddable":true,"href":"https:\/\/www.schoenruh-seefeld.com\/it\/wp-json\/wp\/v2\/media\/24945"}],"wp:attachment":[{"href":"https:\/\/www.schoenruh-seefeld.com\/it\/wp-json\/wp\/v2\/media?parent=27165"}],"wp:term":[{"taxonomy":"category","embeddable":true,"href":"https:\/\/www.schoenruh-seefeld.com\/it\/wp-json\/wp\/v2\/categories?post=27165"},{"taxonomy":"post_tag","embeddable":true,"href":"https:\/\/www.schoenruh-seefeld.com\/it\/wp-json\/wp\/v2\/tags?post=27165"}],"curies":[{"name":"wp","href":"https:\/\/api.w.org\/{rel}","templated":true}]}}